{"id":78,"date":"2026-02-13T12:13:44","date_gmt":"2026-02-13T11:13:44","guid":{"rendered":"https:\/\/naserdushica.com\/?page_id=78"},"modified":"2026-03-12T20:27:41","modified_gmt":"2026-03-12T19:27:41","slug":"machine-a-ecrire","status":"publish","type":"page","link":"https:\/\/naserdushica.com\/?page_id=78","title":{"rendered":"Machine \u00e0 \u00e9crire"},"content":{"rendered":"\t\t<div data-elementor-type=\"wp-page\" data-elementor-id=\"78\" class=\"elementor elementor-78\" data-elementor-post-type=\"page\">\n\t\t\t\t<div class=\"elementor-element elementor-element-009737b e-con-full e-flex e-con e-parent\" data-id=\"009737b\" data-element_type=\"container\" data-e-type=\"container\">\n\t\t<div class=\"elementor-element elementor-element-527ad93 e-con-full e-flex e-con e-child\" data-id=\"527ad93\" data-element_type=\"container\" data-e-type=\"container\">\n\t\t\t\t<\/div>\n\t\t<div class=\"elementor-element elementor-element-c23d1fd e-con-full e-flex e-con e-child\" data-id=\"c23d1fd\" data-element_type=\"container\" data-e-type=\"container\">\n\t\t\t\t<div class=\"elementor-element elementor-element-965f590 elementor-widget elementor-widget-heading\" data-id=\"965f590\" data-element_type=\"widget\" data-e-type=\"widget\" data-widget_type=\"heading.default\">\n\t\t\t\t\t<h2 class=\"elementor-heading-title elementor-size-default\">Solastalgie<\/h2>\t\t\t\t<\/div>\n\t\t\t\t<div class=\"elementor-element elementor-element-f913dbd elementor-widget elementor-widget-text-editor\" data-id=\"f913dbd\" data-element_type=\"widget\" data-e-type=\"widget\" data-widget_type=\"text-editor.default\">\n\t\t\t\t\t\t\t\t\t<p class=\"p2\">Avec <i>Solastalgie<\/i>, je poursuit la r\u00e9flexion sur la m\u00e9moire des images et leur charge \u00e9motionnelle \u00e0 l\u2019\u00e8re de la saturation visuelle. R\u00e9alis\u00e9e \u00e0 la machine \u00e0 \u00e9crire, cette oeuvre (160 \u00d7 90 cm) repr\u00e9sente le d\u00e9collage d\u2019une fus\u00e9e, dont la trajectoire laisse une longue tra\u00een\u00e9e de fum\u00e9e s\u2019\u00e9levant dans le ciel, avant de se dissiper au-dessus d\u2019un nuage dense et architectural au sol. L\u2019image, fragment\u00e9e en sections superpos\u00e9es, rappelle une cartographie instable de l\u2019instant, comme si la m\u00e9moire de cette sc\u00e8ne s\u2019ancrait dans un espace discontinu.<\/p><p class=\"p2\">Le titre, <i>Solastalgie<\/i>, \u00e9voque un sentiment de d\u00e9tresse face \u00e0 la transformation irr\u00e9versible de l\u2019environnement. Ici, la machine \u00e0 \u00e9crire &#8211; outil d\u00e9suet, lent, m\u00e9canique &#8211; devient un m\u00e9dium de r\u00e9sistance \u00e0 la fluidit\u00e9 num\u00e9rique. Elle impose un temps long, une image construite caract\u00e8re par caract\u00e8re, \u00e0 contre-courant de l\u2019instantan\u00e9it\u00e9 technologique. L\u2019image ne s\u2019impose pas, elle se r\u00e9v\u00e8le, elle se m\u00e9rite. Ce processus patient est au coeur de ma d\u00e9marche : faire advenir une image par accumulation, par stratification, comme on exhumerait une archive.<\/p><p class=\"p2\">Loin d\u2019un geste nostalgique, ce travail est un acte de r\u00e9activation. Comme souvent, la source initiale de l\u2019image est emprunt\u00e9e, trouv\u00e9e, crois\u00e9e au d\u00e9tour d\u2019un livre, d\u2019un \u00e9cran ou d\u2019un souvenir. Elle est ensuite mise en latence, attendant le moment propice pour rena\u00eetre dans une autre forme. \u00c0 travers ce dispositif formel, je questionne non seulement notre rapport \u00e0 l\u2019image, mais aussi \u00e0 la m\u00e9moire, au progr\u00e8s, et \u00e0 la place de l\u2019humain dans des r\u00e9cits de puissance technologique souvent ambigus.<\/p><p class=\"p2\"><i>Solastalgie <\/i>s\u2019inscrit dans une pratique o\u00f9 sobri\u00e9t\u00e9 formelle et ma\u00eetrise technique coexistent avec un regard critique et po\u00e9tique. En renon\u00e7ant aux effets et \u00e0 la couleur, j\u2019opte ici pour une image aust\u00e8re et silencieuse, qui n\u2019impose pas un sens imm\u00e9diat mais invite \u00e0 la contemplation. L\u2019oeuvre devient une sorte de palimpseste contemporain : une image du futur n\u00e9e d\u2019un outil du pass\u00e9, et dont le sens reste ouvert, \u00e0 reconstruire par celui qui regarde.<\/p>\t\t\t\t\t\t\t\t<\/div>\n\t\t<div class=\"elementor-element elementor-element-02808f9 e-con-full e-flex e-con e-child\" data-id=\"02808f9\" data-element_type=\"container\" data-e-type=\"container\">\n\t\t<div class=\"elementor-element elementor-element-64e4ed4 e-con-full e-flex e-con e-child\" data-id=\"64e4ed4\" data-element_type=\"container\" data-e-type=\"container\">\n\t\t\t\t<div class=\"elementor-element elementor-element-3b4511b elementor-widget elementor-widget-image\" data-id=\"3b4511b\" data-element_type=\"widget\" data-e-type=\"widget\" data-widget_type=\"image.default\">\n\t\t\t\t\t\t\t\t\t\t\t\t\t\t\t\t<a href=\"https:\/\/naserdushica.com\/wp-content\/uploads\/2026\/02\/Solastalgie-1.jpg\" data-elementor-open-lightbox=\"yes\" data-e-action-hash=\"#elementor-action%3Aaction%3Dlightbox%26settings%3DeyJpZCI6NjI4LCJ1cmwiOiJodHRwczpcL1wvbmFzZXJkdXNoaWNhLmNvbVwvd3AtY29udGVudFwvdXBsb2Fkc1wvMjAyNlwvMDJcL1NvbGFzdGFsZ2llLTEuanBnIn0%3D\">\n\t\t\t\t\t\t\t<img fetchpriority=\"high\" decoding=\"async\" width=\"641\" height=\"1093\" src=\"https:\/\/naserdushica.com\/wp-content\/uploads\/2026\/02\/Solastalgie-1.jpg\" class=\"attachment-full size-full wp-image-628\" alt=\"\" srcset=\"https:\/\/naserdushica.com\/wp-content\/uploads\/2026\/02\/Solastalgie-1.jpg 641w, https:\/\/naserdushica.com\/wp-content\/uploads\/2026\/02\/Solastalgie-1-176x300.jpg 176w, https:\/\/naserdushica.com\/wp-content\/uploads\/2026\/02\/Solastalgie-1-601x1024.jpg 601w\" sizes=\"(max-width: 641px) 100vw, 641px\" \/>\t\t\t\t\t\t\t\t<\/a>\n\t\t\t\t\t\t\t\t\t\t\t\t\t\t\t<\/div>\n\t\t\t\t<\/div>\n\t\t<div class=\"elementor-element elementor-element-1769c87 e-con-full e-flex e-con e-child\" data-id=\"1769c87\" data-element_type=\"container\" data-e-type=\"container\">\n\t\t\t\t<div class=\"elementor-element elementor-element-8b636b5 elementor-widget elementor-widget-heading\" data-id=\"8b636b5\" data-element_type=\"widget\" data-e-type=\"widget\" data-widget_type=\"heading.default\">\n\t\t\t\t\t<h2 class=\"elementor-heading-title elementor-size-default\">Solastalgie\n<\/h2>\t\t\t\t<\/div>\n\t\t\t\t<div class=\"elementor-element elementor-element-f3345ef elementor-widget elementor-widget-heading\" data-id=\"f3345ef\" data-element_type=\"widget\" data-e-type=\"widget\" data-widget_type=\"heading.default\">\n\t\t\t\t\t<h3 class=\"elementor-heading-title elementor-size-default\">160 x 90 cm<br>\n\nDessin \u00e0 la machine \u00e0 \u00e9crire<br>\n2025<\/h3>\t\t\t\t<\/div>\n\t\t<div class=\"elementor-element elementor-element-14915d6 e-con-full e-flex e-con e-child\" data-id=\"14915d6\" data-element_type=\"container\" data-e-type=\"container\">\n\t\t\t\t<div class=\"elementor-element elementor-element-86a2bf2 elementor-widget elementor-widget-gallery\" data-id=\"86a2bf2\" data-element_type=\"widget\" data-e-type=\"widget\" data-settings=\"{&quot;gap&quot;:{&quot;unit&quot;:&quot;px&quot;,&quot;size&quot;:4,&quot;sizes&quot;:[]},&quot;aspect_ratio&quot;:&quot;4:3&quot;,&quot;columns&quot;:1,&quot;lazyload&quot;:&quot;yes&quot;,&quot;gallery_layout&quot;:&quot;grid&quot;,&quot;columns_tablet&quot;:2,&quot;columns_mobile&quot;:1,&quot;gap_tablet&quot;:{&quot;unit&quot;:&quot;px&quot;,&quot;size&quot;:10,&quot;sizes&quot;:[]},&quot;gap_mobile&quot;:{&quot;unit&quot;:&quot;px&quot;,&quot;size&quot;:10,&quot;sizes&quot;:[]},&quot;link_to&quot;:&quot;file&quot;,&quot;overlay_background&quot;:&quot;yes&quot;,&quot;content_hover_animation&quot;:&quot;fade-in&quot;}\" data-widget_type=\"gallery.default\">\n\t\t\t\t\t\t\t<div class=\"elementor-gallery__container\">\n\t\t\t\t\t\t\t<a class=\"e-gallery-item elementor-gallery-item elementor-animated-content\" href=\"https:\/\/naserdushica.com\/wp-content\/uploads\/2026\/02\/IMG_4096-3-scaled.jpg\" data-elementor-open-lightbox=\"yes\" data-elementor-lightbox-slideshow=\"86a2bf2\" data-e-action-hash=\"#elementor-action%3Aaction%3Dlightbox%26settings%3DeyJpZCI6MTMyLCJ1cmwiOiJodHRwczpcL1wvbmFzZXJkdXNoaWNhLmNvbVwvd3AtY29udGVudFwvdXBsb2Fkc1wvMjAyNlwvMDJcL0lNR180MDk2LTMtc2NhbGVkLmpwZyIsInNsaWRlc2hvdyI6Ijg2YTJiZjIifQ%3D%3D\">\n\t\t\t\t\t<div class=\"e-gallery-image elementor-gallery-item__image\" data-thumbnail=\"https:\/\/naserdushica.com\/wp-content\/uploads\/2026\/02\/IMG_4096-3-768x512.jpg\" data-width=\"768\" data-height=\"512\" aria-label=\"\" role=\"img\" ><\/div>\n\t\t\t\t\t\t\t\t\t\t\t<div class=\"elementor-gallery-item__overlay\"><\/div>\n\t\t\t\t\t\t\t\t\t\t\t\t\t\t<\/a>\n\t\t\t\t\t\t\t<a class=\"e-gallery-item elementor-gallery-item elementor-animated-content\" href=\"https:\/\/naserdushica.com\/wp-content\/uploads\/2026\/02\/IMG_4098-2-2-scaled.jpg\" data-elementor-open-lightbox=\"yes\" data-elementor-lightbox-slideshow=\"86a2bf2\" data-e-action-hash=\"#elementor-action%3Aaction%3Dlightbox%26settings%3DeyJpZCI6MTMxLCJ1cmwiOiJodHRwczpcL1wvbmFzZXJkdXNoaWNhLmNvbVwvd3AtY29udGVudFwvdXBsb2Fkc1wvMjAyNlwvMDJcL0lNR180MDk4LTItMi1zY2FsZWQuanBnIiwic2xpZGVzaG93IjoiODZhMmJmMiJ9\">\n\t\t\t\t\t<div class=\"e-gallery-image elementor-gallery-item__image\" data-thumbnail=\"https:\/\/naserdushica.com\/wp-content\/uploads\/2026\/02\/IMG_4098-2-2-768x512.jpg\" data-width=\"768\" data-height=\"512\" aria-label=\"\" role=\"img\" ><\/div>\n\t\t\t\t\t\t\t\t\t\t\t<div class=\"elementor-gallery-item__overlay\"><\/div>\n\t\t\t\t\t\t\t\t\t\t\t\t\t\t<\/a>\n\t\t\t\t\t<\/div>\n\t\t\t\t\t<\/div>\n\t\t\t\t<\/div>\n\t\t\t\t<\/div>\n\t\t\t\t<\/div>\n\t\t\t\t<\/div>\n\t\t\t\t<\/div>\n\t\t<div class=\"elementor-element elementor-element-acb7616 e-con-full e-flex e-con e-parent\" data-id=\"acb7616\" data-element_type=\"container\" data-e-type=\"container\">\n\t\t<div class=\"elementor-element elementor-element-ee15dac e-con-full e-flex e-con e-child\" data-id=\"ee15dac\" data-element_type=\"container\" data-e-type=\"container\">\n\t\t\t\t<\/div>\n\t\t<div class=\"elementor-element elementor-element-650859c e-con-full e-flex e-con e-child\" data-id=\"650859c\" data-element_type=\"container\" data-e-type=\"container\">\n\t\t<div class=\"elementor-element elementor-element-f51d92f e-con-full e-flex e-con e-child\" data-id=\"f51d92f\" data-element_type=\"container\" data-e-type=\"container\">\n\t\t<div class=\"elementor-element elementor-element-2218ce5 e-con-full e-flex e-con e-child\" data-id=\"2218ce5\" data-element_type=\"container\" data-e-type=\"container\">\n\t\t\t\t<div class=\"elementor-element elementor-element-968e82d elementor-widget elementor-widget-image\" data-id=\"968e82d\" data-element_type=\"widget\" data-e-type=\"widget\" data-widget_type=\"image.default\">\n\t\t\t\t\t\t\t\t\t\t\t\t\t\t\t\t<a href=\"https:\/\/naserdushica.com\/wp-content\/uploads\/2026\/02\/IMG_7344.png\" data-elementor-open-lightbox=\"yes\" data-e-action-hash=\"#elementor-action%3Aaction%3Dlightbox%26settings%3DeyJpZCI6MTM0LCJ1cmwiOiJodHRwczpcL1wvbmFzZXJkdXNoaWNhLmNvbVwvd3AtY29udGVudFwvdXBsb2Fkc1wvMjAyNlwvMDJcL0lNR183MzQ0LnBuZyJ9\">\n\t\t\t\t\t\t\t<img decoding=\"async\" width=\"1222\" height=\"1072\" src=\"https:\/\/naserdushica.com\/wp-content\/uploads\/2026\/02\/IMG_7344.png\" class=\"attachment-full size-full wp-image-134\" alt=\"\" srcset=\"https:\/\/naserdushica.com\/wp-content\/uploads\/2026\/02\/IMG_7344.png 1222w, https:\/\/naserdushica.com\/wp-content\/uploads\/2026\/02\/IMG_7344-300x263.png 300w, https:\/\/naserdushica.com\/wp-content\/uploads\/2026\/02\/IMG_7344-1024x898.png 1024w, https:\/\/naserdushica.com\/wp-content\/uploads\/2026\/02\/IMG_7344-768x674.png 768w\" sizes=\"(max-width: 1222px) 100vw, 1222px\" \/>\t\t\t\t\t\t\t\t<\/a>\n\t\t\t\t\t\t\t\t\t\t\t\t\t\t\t<\/div>\n\t\t\t\t<\/div>\n\t\t<div class=\"elementor-element elementor-element-acfd267 e-con-full e-flex e-con e-child\" data-id=\"acfd267\" data-element_type=\"container\" data-e-type=\"container\">\n\t\t\t\t<div class=\"elementor-element elementor-element-39206ec elementor-widget elementor-widget-heading\" data-id=\"39206ec\" data-element_type=\"widget\" data-e-type=\"widget\" data-widget_type=\"heading.default\">\n\t\t\t\t\t<h2 class=\"elementor-heading-title elementor-size-default\">Home\n<\/h2>\t\t\t\t<\/div>\n\t\t\t\t<div class=\"elementor-element elementor-element-26c749a elementor-widget elementor-widget-heading\" data-id=\"26c749a\" data-element_type=\"widget\" data-e-type=\"widget\" data-widget_type=\"heading.default\">\n\t\t\t\t\t<h3 class=\"elementor-heading-title elementor-size-default\">20 x 25 cm<br>\n\nDessin \u00e0 la machine \u00e0 \u00e9crire<br>\n2013<\/h3>\t\t\t\t<\/div>\n\t\t\t\t<\/div>\n\t\t\t\t<\/div>\n\t\t\t\t<\/div>\n\t\t\t\t<\/div>\n\t\t\t\t<\/div>\n\t\t","protected":false},"excerpt":{"rendered":"<p>Solastalgie Avec Solastalgie, je poursuit la r\u00e9flexion sur la m\u00e9moire des images et leur charge \u00e9motionnelle \u00e0 l\u2019\u00e8re de la saturation visuelle. R\u00e9alis\u00e9e \u00e0 la machine \u00e0 \u00e9crire, cette oeuvre (160 \u00d7 90 cm) repr\u00e9sente le d\u00e9collage d\u2019une fus\u00e9e, dont la trajectoire laisse une longue tra\u00een\u00e9e de fum\u00e9e s\u2019\u00e9levant dans le ciel, avant de se [&hellip;]<\/p>\n","protected":false},"author":1,"featured_media":0,"parent":0,"menu_order":0,"comment_status":"closed","ping_status":"closed","template":"elementor_header_footer","meta":{"footnotes":""},"class_list":["post-78","page","type-page","status-publish","hentry"],"_hostinger_reach_plugin_has_subscription_block":false,"_hostinger_reach_plugin_is_elementor":false,"_links":{"self":[{"href":"https:\/\/naserdushica.com\/index.php?rest_route=\/wp\/v2\/pages\/78","targetHints":{"allow":["GET"]}}],"collection":[{"href":"https:\/\/naserdushica.com\/index.php?rest_route=\/wp\/v2\/pages"}],"about":[{"href":"https:\/\/naserdushica.com\/index.php?rest_route=\/wp\/v2\/types\/page"}],"author":[{"embeddable":true,"href":"https:\/\/naserdushica.com\/index.php?rest_route=\/wp\/v2\/users\/1"}],"replies":[{"embeddable":true,"href":"https:\/\/naserdushica.com\/index.php?rest_route=%2Fwp%2Fv2%2Fcomments&post=78"}],"version-history":[{"count":62,"href":"https:\/\/naserdushica.com\/index.php?rest_route=\/wp\/v2\/pages\/78\/revisions"}],"predecessor-version":[{"id":1295,"href":"https:\/\/naserdushica.com\/index.php?rest_route=\/wp\/v2\/pages\/78\/revisions\/1295"}],"wp:attachment":[{"href":"https:\/\/naserdushica.com\/index.php?rest_route=%2Fwp%2Fv2%2Fmedia&parent=78"}],"curies":[{"name":"wp","href":"https:\/\/api.w.org\/{rel}","templated":true}]}}